{"id":16,"date":"2013-09-23T12:19:13","date_gmt":"2013-09-23T12:19:13","guid":{"rendered":"http:\/\/petyahaz.hu\/wordpress\/?page_id=16"},"modified":"2025-12-27T11:04:56","modified_gmt":"2025-12-27T11:04:56","slug":"fooldal","status":"publish","type":"page","link":"https:\/\/petyahaz.hu\/","title":{"rendered":"F\u0151oldal"},"content":{"rendered":"<div class=\"gap\" style=\"height: 10px;\"><\/div>\n<div class=\"one_third\">\n<div class=\"testimonial\"><link href=\"https:\/\/fonts.googleapis.com\/css?family=Sanchez&amp;subset=latin,latin-ext,cyrillic,cyrillic-ext,greek-ext,greek,vietnamese\" rel=\"stylesheet\" type=\"text\/css\">\n<div class=\"googlefont\" style=\"font-family:'Sanchez', serif !important; font-size:20px !important; margin: 0 0 0 0 !important;\"><span style=\"color: #993300;\"><strong>Kedves l\u00e1togat\u00f3m!<\/strong><\/span><br \/>\n<span style=\"color: #993300;\"> <strong> A vend\u00e9gh\u00e1z v\u00e1rja a pihen\u00e9sre, gy\u00f3gyul\u00e1sra \u00e9s kikapcsol\u00f3d\u00e1sra v\u00e1gy\u00f3 p\u00e1rokat.<\/strong><\/span><\/p>\n<p><span style=\"color: #993300;\"><strong>Nyitvatart\u00e1s: <\/strong><\/span><\/p>\n<p><span style=\"color: #993300;\"><strong>2026. m\u00e1rcius 1 &#8211; november 30.<br \/>\n<!--\n<\/strong><\/span><strong style=\"color: #993300; font-size: revert;\">2024. m\u00e1rcius 1 - december 15.<\/strong>\n--><\/strong><\/span><\/p>\n<\/div>\n<\/div>\n<div class=\"testimonial-author\">Kisp\u00e9ter Zsolt, a vend\u00e9gh\u00e1z vezet\u0151je<\/div>\n<p><img loading=\"lazy\" decoding=\"async\" class=\" wp-image-147 aligncenter\" src=\"https:\/\/petyahaz.hu\/wordpress\/wp-content\/uploads\/2013\/09\/szep-kartya-300x150.jpg\" alt=\"szep-kartya\" width=\"208\" height=\"104\" srcset=\"https:\/\/petyahaz.hu\/wordpress\/wp-content\/uploads\/2013\/09\/szep-kartya-300x150.jpg 300w, https:\/\/petyahaz.hu\/wordpress\/wp-content\/uploads\/2013\/09\/szep-kartya.jpg 494w\" sizes=\"auto, (max-width: 208px) 100vw, 208px\" \/><\/p>\n<p style=\"text-align: center; padding-left: 60px;\"><link href=\"https:\/\/fonts.googleapis.com\/css?family=Sanchez&amp;subset=latin,latin-ext,cyrillic,cyrillic-ext,greek-ext,greek,vietnamese\" rel=\"stylesheet\" type=\"text\/css\">\n<div class=\"googlefont\" style=\"font-family:'Sanchez', serif !important; font-size:14px !important; margin: 0px !important;\">SZ\u00c9P k\u00e1rty\u00e1k: OTP &#8211; MBH &#8211; K&amp;H<\/div>\n<\/p>\n<\/div>\n<div class=\"one_third\">\n<h1 class=\"title\"><span>Szolg\u00e1ltat\u00e1sok:<\/span><\/h1>\n<link href=\"https:\/\/fonts.googleapis.com\/css?family=Sanchez&amp;subset=latin,latin-ext,cyrillic,cyrillic-ext,greek-ext,greek,vietnamese\" rel=\"stylesheet\" type=\"text\/css\">\n<div class=\"googlefont\" style=\"font-family:'Sanchez', serif !important; font-size:16px !important; margin: 0px !important;\">\n<ul>\n<li>SZ\u00c9P k\u00e1rtya elfogad\u00e1s\n<ul>\n<li>K&amp;H, MBH, OTP<\/li>\n<\/ul>\n<\/li>\n<li>Kl\u00edma,\u00a0Internet (WiFi)<\/li>\n<li>Nem doh\u00e1nyz\u00f3 apartman<\/li>\n<li>1 apartman, 2+1 f\u00e9r\u0151hely <\/div>\n<\/li>\n<\/ul>\n<\/div>\n<div class=\"one_third last\">\n<div class=\"description clearfix style-2\"><link href=\"https:\/\/fonts.googleapis.com\/css?family=Sanchez&amp;subset=latin,latin-ext,cyrillic,cyrillic-ext,greek-ext,greek,vietnamese\" rel=\"stylesheet\" type=\"text\/css\">\n<div class=\"googlefont\" style=\"font-family:'Sanchez', serif !important; font-size:20px !important; margin: 10px 0 20px 0 !important;\">\n<ul>\n<li><strong>Sz\u00e1ll\u00e1sfoglal\u00e1s\u00e1val k\u00e9rem keressen:<\/strong><\/li>\n<li>h\u00e9tk\u00f6znap 16:00 \u00e9s 20:00 k\u00f6z\u00f6tt<\/li>\n<li>a +36 20 243 3196\u00a0 vagy<\/li>\n<li>a +36 30 386 4696 sz\u00e1mon.<\/div>\n<\/div>\n<\/li>\n<\/ul>\n<\/div>\n<div class=\"clear\"><\/div>\n<h1 class=\"title\"><span>Aj\u00e1nlatunk<\/span><\/h1>\n<h3 style=\"text-align: center;\"><\/h3>\n<h3><strong>Apartman <em>(2+1 szem\u00e9lyes)<\/em><\/strong><\/h3>\n<p><span class=\"responsive\"><\/p>\n<div class=\"one_third\">\n<p><img loading=\"lazy\" decoding=\"async\" class=\"size-medium wp-image-680 aligncenter\" src=\"https:\/\/petyahaz.hu\/wordpress\/wp-content\/uploads\/2025\/12\/house_1280-300x225.jpg\" alt=\"\" width=\"300\" height=\"225\" srcset=\"https:\/\/petyahaz.hu\/wordpress\/wp-content\/uploads\/2025\/12\/house_1280-300x225.jpg 300w, https:\/\/petyahaz.hu\/wordpress\/wp-content\/uploads\/2025\/12\/house_1280-1024x768.jpg 1024w, https:\/\/petyahaz.hu\/wordpress\/wp-content\/uploads\/2025\/12\/house_1280-768x576.jpg 768w, https:\/\/petyahaz.hu\/wordpress\/wp-content\/uploads\/2025\/12\/house_1280.jpg 1280w\" sizes=\"auto, (max-width: 300px) 100vw, 300px\" \/><\/p>\n<\/div>\n<div class=\"one_third\">\n<p><img loading=\"lazy\" decoding=\"async\" class=\"size-medium wp-image-681 aligncenter\" src=\"https:\/\/petyahaz.hu\/wordpress\/wp-content\/uploads\/2025\/12\/porch_720-225x300.jpg\" alt=\"\" width=\"225\" height=\"300\" srcset=\"https:\/\/petyahaz.hu\/wordpress\/wp-content\/uploads\/2025\/12\/porch_720-225x300.jpg 225w, https:\/\/petyahaz.hu\/wordpress\/wp-content\/uploads\/2025\/12\/porch_720-rotated.jpg 720w\" sizes=\"auto, (max-width: 225px) 100vw, 225px\" \/><\/p>\n<\/div>\n<div class=\"one_third last\">\n<p><img decoding=\"async\" class=\"wp-image-537 size-medium aligncenter\" src=\"https:\/\/petyahaz.hu\/wordpress\/wp-content\/uploads\/2024\/02\/emeleti1-300x225.jpg\" alt=\"\" width=\"425\" srcset=\"https:\/\/petyahaz.hu\/wordpress\/wp-content\/uploads\/2024\/02\/emeleti1-300x225.jpg 300w, https:\/\/petyahaz.hu\/wordpress\/wp-content\/uploads\/2024\/02\/emeleti1-1024x768.jpg 1024w, https:\/\/petyahaz.hu\/wordpress\/wp-content\/uploads\/2024\/02\/emeleti1-768x576.jpg 768w, https:\/\/petyahaz.hu\/wordpress\/wp-content\/uploads\/2024\/02\/emeleti1.jpg 1280w\" sizes=\"(max-width: 300px) 100vw, 300px\" \/><\/p>\n<\/div>\n<div class=\"clear\"><\/div>\n<p><\/span><\/p>\n<p style=\"text-align: center;\">Kett\u0151 szem\u00e9ly sz\u00e1m\u00e1ra egy h\u00e1l\u00f3szoba, f\u00fcrd\u0151szoba, felszerelt konyha \u00e9s \u00e9tkez\u0151 biztos\u00edtja a k\u00e9nyelmes pihen\u00e9st. K\u00e9r\u00e9sre p\u00f3t\u00e1gyazhat\u00f3.<\/p>\n<p><!--\n[one_third]\n\n\n<h3><strong>Gy\u00f3gy\u00e1szati kedvezm\u00e9ny<\/strong><\/h3>\n\n\n[responsive]<a href=\"https:\/\/petyahaz.hu\/?page_id=41\" rel=\"attachment wp-att-478\"><img loading=\"lazy\" decoding=\"async\" class=\"alignnone wp-image-534 size-full\" src=\"https:\/\/petyahaz.hu\/wordpress\/wp-content\/uploads\/2024\/02\/massage.png\" alt=\"\" width=\"300\" height=\"225\" \/><\/a>[\/responsive]\n\nTB. biztos\u00edtott vend\u00e9geinket is sz\u00edvesen v\u00e1rjuk kedvezm\u00e9nyes sz\u00e1ll\u00e1sd\u00edjjal.\n\n[\/one_third] [one_third]\n\n\n<h3><strong>Apartman I. <em>(2 szem\u00e9lyes)<\/em><\/strong><\/h3>\n\n\n[responsive]<a href=\"https:\/\/petyahaz.hu\/?page_id=43\"><img loading=\"lazy\" decoding=\"async\" class=\"alignnone wp-image-537 size-medium\" src=\"https:\/\/petyahaz.hu\/wordpress\/wp-content\/uploads\/2024\/02\/emeleti1-300x225.jpg\" alt=\"\" width=\"300\" height=\"225\" srcset=\"https:\/\/petyahaz.hu\/wordpress\/wp-content\/uploads\/2024\/02\/emeleti1-300x225.jpg 300w, https:\/\/petyahaz.hu\/wordpress\/wp-content\/uploads\/2024\/02\/emeleti1-1024x768.jpg 1024w, https:\/\/petyahaz.hu\/wordpress\/wp-content\/uploads\/2024\/02\/emeleti1-768x576.jpg 768w, https:\/\/petyahaz.hu\/wordpress\/wp-content\/uploads\/2024\/02\/emeleti1.jpg 1280w\" sizes=\"auto, (max-width: 300px) 100vw, 300px\" \/><\/a>[\/responsive]\n\nKett\u0151 szem\u00e9ly sz\u00e1m\u00e1ra egy h\u00e1l\u00f3szoba, f\u00fcrd\u0151szoba, felszerelt konyha \u00e9s \u00e9tkez\u0151 biztos\u00edtja a k\u00e9nyelmes pihen\u00e9st.\n\n[\/one_third] [one_third_last]\n\n\n<h3><strong>Apartman II. <em>(8 szem\u00e9lyes)<\/em><\/strong><\/h3>\n\n\n[responsive]<a href=\"https:\/\/petyahaz.hu\/?page_id=43\"><img loading=\"lazy\" decoding=\"async\" class=\"alignnone wp-image-447 size-medium\" src=\"https:\/\/petyahaz.hu\/wordpress\/wp-content\/uploads\/2021\/06\/PHOTO-2021-06-21-12-12-33-1-300x225.jpg\" alt=\"PHOTO-2021-06-21-12-12-33 1\" width=\"300\" height=\"225\" srcset=\"https:\/\/petyahaz.hu\/wordpress\/wp-content\/uploads\/2021\/06\/PHOTO-2021-06-21-12-12-33-1-300x225.jpg 300w, https:\/\/petyahaz.hu\/wordpress\/wp-content\/uploads\/2021\/06\/PHOTO-2021-06-21-12-12-33-1-768x576.jpg 768w, https:\/\/petyahaz.hu\/wordpress\/wp-content\/uploads\/2021\/06\/PHOTO-2021-06-21-12-12-33-1-1024x768.jpg 1024w, https:\/\/petyahaz.hu\/wordpress\/wp-content\/uploads\/2021\/06\/PHOTO-2021-06-21-12-12-33-1.jpg 1600w\" sizes=\"auto, (max-width: 300px) 100vw, 300px\" \/><\/a>\n\nAz emeleti apartman 4 h\u00e1l\u00f3szob\u00e1val, 2 f\u00fcrd\u0151szob\u00e1val \u00e9s egy felszerelt konyh\u00e1val rendelkezik. A klimatiz\u00e1lt emeleti r\u00e9sz nyolc f\u0151 k\u00e9nyelmes pihen\u00e9s\u00e9t biztos\u00edtja.\n\n[\/one_third_last]\n--><\/p>\n<p style=\"text-align: center;\"><strong>GPS koordin\u00e1t\u00e1k: N46\u00b013,184&#8242; E019\u00b053,222&#8242;<\/strong><\/p>\n<p style=\"text-align: center;\"><strong>6782 M\u00f3rahalom, Pet\u0151fi utca 2\/a<\/strong><\/p>\n<h6 style=\"text-align: center;\"><em><span style=\"color: #808080;\">[<a style=\"color: #808080;\" href=\"https:\/\/petyahaz.hu\/wordpress\/wp-content\/uploads\/2022\/02\/adatkezel\u00e9si-t\u00e1j\u00e9koztat\u00f3.pdf\" target=\"_blank\" rel=\"attachment noopener wp-att-466\">adatkezel\u00e9si t\u00e1j\u00e9koztat\u00f3<\/a>]<\/span><\/em><\/h6>\n<p><!-- [map w=\"600\" h=\"200\" style=\"full\" z=\"15\" marker=\"yes\" infowindow=\"Petya Vend\u00e9gh\u00e1z\" infowindowdefault=\"yes\" maptype=\"hybride\" hidecontrols=\"false\" address=\"6782 M\u00f3rahalom,\u00a0Pet\u0151fi S\u00e1ndor utca 2\/a\"] --><\/p>\n<div class=\"gap\" style=\"height: 30px;\"><\/div>\n","protected":false},"excerpt":{"rendered":"<p>Kedves l\u00e1togat\u00f3m! A vend\u00e9gh\u00e1z v\u00e1rja a pihen\u00e9sre, gy\u00f3gyul\u00e1sra \u00e9s kikapcsol\u00f3d\u00e1sra v\u00e1gy\u00f3 p\u00e1rokat. Nyitvatart\u00e1s: 2026. m\u00e1rcius 1 &#8211; november 30. Kisp\u00e9ter Zsolt, a vend\u00e9gh\u00e1z vezet\u0151je SZ\u00c9P k\u00e1rty\u00e1k: OTP &#8211; MBH &#8211;\u2026 <a href=\"https:\/\/petyahaz.hu\/\" class=\"read-more-link\">read more &rarr;<\/a><\/p>\n","protected":false},"author":1,"featured_media":0,"parent":0,"menu_order":0,"comment_status":"closed","ping_status":"closed","template":"page-fullwidth.php","meta":{"footnotes":""},"class_list":["post-16","page","type-page","status-publish","hentry"],"_links":{"self":[{"href":"https:\/\/petyahaz.hu\/index.php?rest_route=\/wp\/v2\/pages\/16","targetHints":{"allow":["GET"]}}],"collection":[{"href":"https:\/\/petyahaz.hu\/index.php?rest_route=\/wp\/v2\/pages"}],"about":[{"href":"https:\/\/petyahaz.hu\/index.php?rest_route=\/wp\/v2\/types\/page"}],"author":[{"embeddable":true,"href":"https:\/\/petyahaz.hu\/index.php?rest_route=\/wp\/v2\/users\/1"}],"replies":[{"embeddable":true,"href":"https:\/\/petyahaz.hu\/index.php?rest_route=%2Fwp%2Fv2%2Fcomments&post=16"}],"version-history":[{"count":224,"href":"https:\/\/petyahaz.hu\/index.php?rest_route=\/wp\/v2\/pages\/16\/revisions"}],"predecessor-version":[{"id":685,"href":"https:\/\/petyahaz.hu\/index.php?rest_route=\/wp\/v2\/pages\/16\/revisions\/685"}],"wp:attachment":[{"href":"https:\/\/petyahaz.hu\/index.php?rest_route=%2Fwp%2Fv2%2Fmedia&parent=16"}],"curies":[{"name":"wp","href":"https:\/\/api.w.org\/{rel}","templated":true}]}}